{"id":85,"date":"2025-05-05T15:25:25","date_gmt":"2025-05-05T13:25:25","guid":{"rendered":"https:\/\/2025.vam-wine.fr\/?page_id=85"},"modified":"2025-08-21T15:30:42","modified_gmt":"2025-08-21T13:30:42","slug":"a-propos","status":"publish","type":"page","link":"https:\/\/vam-wine.fr\/de_ch\/a-propos\/","title":{"rendered":"\u00dcber"},"content":{"rendered":"<div class=\"wp-block-group alignfull is-content-justification-center\" style=\"margin-top:0;margin-bottom:0;padding-top:calc( 0.5 * var(--wp--style--root--padding-right, var(--wp--custom--gap--horizontal)));padding-right:var(--wp--style--root--padding-right, var(--wp--custom--gap--horizontal));padding-bottom:calc( 0.5 * var(--wp--style--root--padding-right, var(--wp--custom--gap--horizontal)));padding-left:var(--wp--style--root--padding-left, var(--wp--custom--gap--horizontal))\"><div class=\"wp-block-group__inner-container is-layout-constrained wp-container-core-group-is-layout-df757ecc wp-block-group-is-layout-constrained\">\n<div style=\"height:calc( 0.25 * var(--wp--style--root--padding-right, var(--wp--custom--gap--horizontal)))\" aria-hidden=\"true\" class=\"wp-block-spacer\"><\/div>\n\n\n\n<div class=\"wp-block-media-text alignfull has-media-on-the-right is-stacked-on-mobile\"><div class=\"wp-block-media-text__content\">\n<h1 class=\"wp-block-heading\">Das Elsass<br>&amp; sein Wein<\/h1>\n\n\n\n<p>Le Domaine Alsace Munsch est situ\u00e9 sur la commune Saint-Hippolyte au nord de Colmar. Il exploite depuis six g\u00e9n\u00e9rations 8 hectares de vignes au pied du Ch\u00e2teau du Haut Koenigsbourg. Soucieux d&rsquo;offrir le meilleur des c\u00e9pages alsaciens, le domaine familial s&rsquo;applique le plus pr\u00e9cieusement \u00e0 respecter le terroir, la vinification et l&rsquo;\u00e9levage&nbsp;de&nbsp;ses&nbsp;vins.<\/p>\n<\/div><figure class=\"wp-block-media-text__media\"><img loading=\"lazy\" decoding=\"async\" width=\"1024\" height=\"530\" src=\"https:\/\/2025.vam-wine.fr\/wp-content\/uploads\/2025\/05\/Alsace_vignes-1024x530.jpeg\" alt=\"\" class=\"wp-image-86 size-full\" srcset=\"https:\/\/vam-wine.fr\/wp-content\/uploads\/2025\/05\/Alsace_vignes-1024x530.jpeg 1024w, https:\/\/vam-wine.fr\/wp-content\/uploads\/2025\/05\/Alsace_vignes-300x155.jpeg 300w, https:\/\/vam-wine.fr\/wp-content\/uploads\/2025\/05\/Alsace_vignes-768x397.jpeg 768w, https:\/\/vam-wine.fr\/wp-content\/uploads\/2025\/05\/Alsace_vignes-18x9.jpeg 18w, https:\/\/vam-wine.fr\/wp-content\/uploads\/2025\/05\/Alsace_vignes-416x215.jpeg 416w, https:\/\/vam-wine.fr\/wp-content\/uploads\/2025\/05\/Alsace_vignes.jpeg 1500w\" sizes=\"auto, (max-width: 1024px) 100vw, 1024px\" \/><\/figure><\/div>\n\n\n\n<div style=\"height:calc( 0.25 * var(--wp--style--root--padding-right, var(--wp--custom--gap--horizontal)))\" aria-hidden=\"true\" class=\"wp-block-spacer\"><\/div>\n<\/div><\/div>\n\n\n\n<div class=\"wp-block-group alignfull is-content-justification-center\" style=\"margin-top:0;margin-bottom:0;padding-top:calc( 0.5 * var(--wp--style--root--padding-right, var(--wp--custom--gap--horizontal)));padding-right:var(--wp--style--root--padding-right, var(--wp--custom--gap--horizontal));padding-bottom:calc( 0.5 * var(--wp--style--root--padding-right, var(--wp--custom--gap--horizontal)));padding-left:var(--wp--style--root--padding-left, var(--wp--custom--gap--horizontal))\"><div class=\"wp-block-group__inner-container is-layout-constrained wp-container-core-group-is-layout-df757ecc wp-block-group-is-layout-constrained\">\n<div style=\"height:calc( 0.25 * var(--wp--style--root--padding-right, var(--wp--custom--gap--horizontal)))\" aria-hidden=\"true\" class=\"wp-block-spacer\"><\/div>\n\n\n\n<div class=\"wp-block-media-text alignfull is-stacked-on-mobile\"><figure class=\"wp-block-media-text__media\"><img loading=\"lazy\" decoding=\"async\" width=\"768\" height=\"1024\" src=\"https:\/\/2025.vam-wine.fr\/wp-content\/uploads\/2025\/05\/Photo_diplome-768x1024.jpeg\" alt=\"\" class=\"wp-image-87 size-full\" srcset=\"https:\/\/vam-wine.fr\/wp-content\/uploads\/2025\/05\/Photo_diplome-768x1024.jpeg 768w, https:\/\/vam-wine.fr\/wp-content\/uploads\/2025\/05\/Photo_diplome-225x300.jpeg 225w, https:\/\/vam-wine.fr\/wp-content\/uploads\/2025\/05\/Photo_diplome-1152x1536.jpeg 1152w, https:\/\/vam-wine.fr\/wp-content\/uploads\/2025\/05\/Photo_diplome-9x12.jpeg 9w, https:\/\/vam-wine.fr\/wp-content\/uploads\/2025\/05\/Photo_diplome-416x555.jpeg 416w, https:\/\/vam-wine.fr\/wp-content\/uploads\/2025\/05\/Photo_diplome.jpeg 1200w\" sizes=\"auto, (max-width: 768px) 100vw, 768px\" \/><\/figure><div class=\"wp-block-media-text__content\">\n<h1 class=\"wp-block-heading\">Jean-Christophe<br>&amp; Alain<\/h1>\n\n\n\n<p>VAM-WINE ist der Zusammenschluss zweier leidenschaftlicher Weinliebhaber, die Sie von ihrer Erfahrung und ihrem Wissen im Bereich der \u00d6nologie profitieren lassen und ein Familienerbe zur Geltung bringen m\u00f6chten.<\/p>\n\n\n\n<p>Alain und Jean-Christophe, diplomierte Sommeliers des ASSP, haben f\u00fcr Sie die besten els\u00e4ssischen Crus der AOC Saint Hippolyte ausgew\u00e4hlt: Riesling und Gew\u00fcrztraminer sowie, etwas origineller, einen ausgezeichneten Pinot Noir.<\/p>\n\n\n\n<p>Profitieren Sie von ihrem Fachwissen und erleben Sie eine originelle und unvergessliche Verkostungserfahrung, indem Sie geschmacklich in das els\u00e4ssische Terroir eintauchen, um die fruchtigen Aromen reicher, aus alten Rebsorten gewonnener Weine zu entdecken.<\/p>\n\n\n\n<p>Presseartikel : <a href=\"https:\/\/kulinariker.de\/interview-mit-jean-christophe-weislinger-winzer-und-sommelier\/\">https:\/\/kulinariker.de\/interview-mit-jean-christophe-weislinger-winzer-und-sommelier\/<\/a><\/p>\n<\/div><\/div>\n\n\n\n<div style=\"height:calc( 0.25 * var(--wp--style--root--padding-right, var(--wp--custom--gap--horizontal)))\" aria-hidden=\"true\" class=\"wp-block-spacer\"><\/div>\n<\/div><\/div>","protected":false},"excerpt":{"rendered":"<p>L\u2019Alsace&amp; son vin Le Domaine Alsace Munsch est situ\u00e9 sur la commune Saint-Hippolyte au nord de Colmar. Il exploite depuis six g\u00e9n\u00e9rations 8 hectares de vignes au pied du Ch\u00e2teau du Haut Koenigsbourg. Soucieux d&rsquo;offrir le meilleur des c\u00e9pages alsaciens, le domaine familial s&rsquo;applique le plus pr\u00e9cieusement \u00e0 respecter le terroir, la vinification et l&rsquo;\u00e9levage&nbsp;de&nbsp;ses&nbsp;vins. [&hellip;]<\/p>\n","protected":false},"author":1,"featured_media":0,"parent":0,"menu_order":3,"comment_status":"closed","ping_status":"closed","template":"","meta":{"footnotes":""},"class_list":["post-85","page","type-page","status-publish","hentry"],"yoast_head":"<!-- This site is optimized with the Yoast SEO plugin v27.3 - https:\/\/yoast.com\/product\/yoast-seo-wordpress\/ -->\n<title>A propos - VAM Wine<\/title>\n<meta name=\"robots\" content=\"index, follow, max-snippet:-1, max-image-preview:large, max-video-preview:-1\" \/>\n<link rel=\"canonical\" href=\"https:\/\/vam-wine.fr\/de_ch\/a-propos\/\" \/>\n<meta property=\"og:locale\" content=\"de_DE\" \/>\n<meta property=\"og:type\" content=\"article\" \/>\n<meta property=\"og:title\" content=\"A propos - VAM Wine\" \/>\n<meta property=\"og:description\" content=\"L\u2019Alsace&amp; son vin Le Domaine Alsace Munsch est situ\u00e9 sur la commune Saint-Hippolyte au nord de Colmar. Il exploite depuis six g\u00e9n\u00e9rations 8 hectares de vignes au pied du Ch\u00e2teau du Haut Koenigsbourg. Soucieux d&rsquo;offrir le meilleur des c\u00e9pages alsaciens, le domaine familial s&rsquo;applique le plus pr\u00e9cieusement \u00e0 respecter le terroir, la vinification et l&rsquo;\u00e9levage&nbsp;de&nbsp;ses&nbsp;vins. [&hellip;]\" \/>\n<meta property=\"og:url\" content=\"https:\/\/vam-wine.fr\/de_ch\/a-propos\/\" \/>\n<meta property=\"og:site_name\" content=\"VAM Wine\" \/>\n<meta property=\"article:modified_time\" content=\"2025-08-21T13:30:42+00:00\" \/>\n<meta property=\"og:image\" content=\"https:\/\/vam-wine.fr\/wp-content\/uploads\/2025\/05\/Alsace_vignes.jpeg\" \/>\n\t<meta property=\"og:image:width\" content=\"1500\" \/>\n\t<meta property=\"og:image:height\" content=\"776\" \/>\n\t<meta property=\"og:image:type\" content=\"image\/jpeg\" \/>\n<meta name=\"twitter:card\" content=\"summary_large_image\" \/>\n<meta name=\"twitter:label1\" content=\"Gesch\u00e4tzte Lesezeit\" \/>\n\t<meta name=\"twitter:data1\" content=\"1\u00a0Minute\" \/>\n<script type=\"application\/ld+json\" class=\"yoast-schema-graph\">{\"@context\":\"https:\\\/\\\/schema.org\",\"@graph\":[{\"@type\":\"WebPage\",\"@id\":\"https:\\\/\\\/vam-wine.fr\\\/a-propos\\\/\",\"url\":\"https:\\\/\\\/vam-wine.fr\\\/a-propos\\\/\",\"name\":\"A propos - VAM Wine\",\"isPartOf\":{\"@id\":\"https:\\\/\\\/vam-wine.fr\\\/#website\"},\"primaryImageOfPage\":{\"@id\":\"https:\\\/\\\/vam-wine.fr\\\/a-propos\\\/#primaryimage\"},\"image\":{\"@id\":\"https:\\\/\\\/vam-wine.fr\\\/a-propos\\\/#primaryimage\"},\"thumbnailUrl\":\"https:\\\/\\\/2025.vam-wine.fr\\\/wp-content\\\/uploads\\\/2025\\\/05\\\/Alsace_vignes-1024x530.jpeg\",\"datePublished\":\"2025-05-05T13:25:25+00:00\",\"dateModified\":\"2025-08-21T13:30:42+00:00\",\"breadcrumb\":{\"@id\":\"https:\\\/\\\/vam-wine.fr\\\/a-propos\\\/#breadcrumb\"},\"inLanguage\":\"de-CH\",\"potentialAction\":[{\"@type\":\"ReadAction\",\"target\":[\"https:\\\/\\\/vam-wine.fr\\\/a-propos\\\/\"]}]},{\"@type\":\"ImageObject\",\"inLanguage\":\"de-CH\",\"@id\":\"https:\\\/\\\/vam-wine.fr\\\/a-propos\\\/#primaryimage\",\"url\":\"https:\\\/\\\/2025.vam-wine.fr\\\/wp-content\\\/uploads\\\/2025\\\/05\\\/Alsace_vignes-1024x530.jpeg\",\"contentUrl\":\"https:\\\/\\\/2025.vam-wine.fr\\\/wp-content\\\/uploads\\\/2025\\\/05\\\/Alsace_vignes-1024x530.jpeg\"},{\"@type\":\"BreadcrumbList\",\"@id\":\"https:\\\/\\\/vam-wine.fr\\\/a-propos\\\/#breadcrumb\",\"itemListElement\":[{\"@type\":\"ListItem\",\"position\":1,\"name\":\"Accueil\",\"item\":\"https:\\\/\\\/vam-wine.fr\\\/\"},{\"@type\":\"ListItem\",\"position\":2,\"name\":\"A propos\"}]},{\"@type\":\"WebSite\",\"@id\":\"https:\\\/\\\/vam-wine.fr\\\/#website\",\"url\":\"https:\\\/\\\/vam-wine.fr\\\/\",\"name\":\"VAM Wine\",\"description\":\"SPECIALISTES VIN D\u2019ALSACE\",\"publisher\":{\"@id\":\"https:\\\/\\\/vam-wine.fr\\\/#organization\"},\"potentialAction\":[{\"@type\":\"SearchAction\",\"target\":{\"@type\":\"EntryPoint\",\"urlTemplate\":\"https:\\\/\\\/vam-wine.fr\\\/?s={search_term_string}\"},\"query-input\":{\"@type\":\"PropertyValueSpecification\",\"valueRequired\":true,\"valueName\":\"search_term_string\"}}],\"inLanguage\":\"de-CH\"},{\"@type\":\"Organization\",\"@id\":\"https:\\\/\\\/vam-wine.fr\\\/#organization\",\"name\":\"VAM Wine\",\"url\":\"https:\\\/\\\/vam-wine.fr\\\/\",\"logo\":{\"@type\":\"ImageObject\",\"inLanguage\":\"de-CH\",\"@id\":\"https:\\\/\\\/vam-wine.fr\\\/#\\\/schema\\\/logo\\\/image\\\/\",\"url\":\"https:\\\/\\\/vam-wine.fr\\\/wp-content\\\/uploads\\\/2025\\\/05\\\/Branding-05-1500w-1.png\",\"contentUrl\":\"https:\\\/\\\/vam-wine.fr\\\/wp-content\\\/uploads\\\/2025\\\/05\\\/Branding-05-1500w-1.png\",\"width\":1361,\"height\":576,\"caption\":\"VAM Wine\"},\"image\":{\"@id\":\"https:\\\/\\\/vam-wine.fr\\\/#\\\/schema\\\/logo\\\/image\\\/\"}}]}<\/script>\n<!-- \/ Yoast SEO plugin. -->","yoast_head_json":{"title":"A propos - VAM Wine","robots":{"index":"index","follow":"follow","max-snippet":"max-snippet:-1","max-image-preview":"max-image-preview:large","max-video-preview":"max-video-preview:-1"},"canonical":"https:\/\/vam-wine.fr\/de_ch\/a-propos\/","og_locale":"de_DE","og_type":"article","og_title":"A propos - VAM Wine","og_description":"L\u2019Alsace&amp; son vin Le Domaine Alsace Munsch est situ\u00e9 sur la commune Saint-Hippolyte au nord de Colmar. Il exploite depuis six g\u00e9n\u00e9rations 8 hectares de vignes au pied du Ch\u00e2teau du Haut Koenigsbourg. Soucieux d&rsquo;offrir le meilleur des c\u00e9pages alsaciens, le domaine familial s&rsquo;applique le plus pr\u00e9cieusement \u00e0 respecter le terroir, la vinification et l&rsquo;\u00e9levage&nbsp;de&nbsp;ses&nbsp;vins. [&hellip;]","og_url":"https:\/\/vam-wine.fr\/de_ch\/a-propos\/","og_site_name":"VAM Wine","article_modified_time":"2025-08-21T13:30:42+00:00","og_image":[{"width":1500,"height":776,"url":"https:\/\/vam-wine.fr\/wp-content\/uploads\/2025\/05\/Alsace_vignes.jpeg","type":"image\/jpeg"}],"twitter_card":"summary_large_image","twitter_misc":{"Gesch\u00e4tzte Lesezeit":"1\u00a0Minute"},"schema":{"@context":"https:\/\/schema.org","@graph":[{"@type":"WebPage","@id":"https:\/\/vam-wine.fr\/a-propos\/","url":"https:\/\/vam-wine.fr\/a-propos\/","name":"A propos - VAM Wine","isPartOf":{"@id":"https:\/\/vam-wine.fr\/#website"},"primaryImageOfPage":{"@id":"https:\/\/vam-wine.fr\/a-propos\/#primaryimage"},"image":{"@id":"https:\/\/vam-wine.fr\/a-propos\/#primaryimage"},"thumbnailUrl":"https:\/\/2025.vam-wine.fr\/wp-content\/uploads\/2025\/05\/Alsace_vignes-1024x530.jpeg","datePublished":"2025-05-05T13:25:25+00:00","dateModified":"2025-08-21T13:30:42+00:00","breadcrumb":{"@id":"https:\/\/vam-wine.fr\/a-propos\/#breadcrumb"},"inLanguage":"de-CH","potentialAction":[{"@type":"ReadAction","target":["https:\/\/vam-wine.fr\/a-propos\/"]}]},{"@type":"ImageObject","inLanguage":"de-CH","@id":"https:\/\/vam-wine.fr\/a-propos\/#primaryimage","url":"https:\/\/2025.vam-wine.fr\/wp-content\/uploads\/2025\/05\/Alsace_vignes-1024x530.jpeg","contentUrl":"https:\/\/2025.vam-wine.fr\/wp-content\/uploads\/2025\/05\/Alsace_vignes-1024x530.jpeg"},{"@type":"BreadcrumbList","@id":"https:\/\/vam-wine.fr\/a-propos\/#breadcrumb","itemListElement":[{"@type":"ListItem","position":1,"name":"Accueil","item":"https:\/\/vam-wine.fr\/"},{"@type":"ListItem","position":2,"name":"A propos"}]},{"@type":"WebSite","@id":"https:\/\/vam-wine.fr\/#website","url":"https:\/\/vam-wine.fr\/","name":"VAM Wine","description":"SPEZIALISTEN VIN D'ALSACE","publisher":{"@id":"https:\/\/vam-wine.fr\/#organization"},"potentialAction":[{"@type":"SearchAction","target":{"@type":"EntryPoint","urlTemplate":"https:\/\/vam-wine.fr\/?s={search_term_string}"},"query-input":{"@type":"PropertyValueSpecification","valueRequired":true,"valueName":"search_term_string"}}],"inLanguage":"de-CH"},{"@type":"Organization","@id":"https:\/\/vam-wine.fr\/#organization","name":"VAM Wine","url":"https:\/\/vam-wine.fr\/","logo":{"@type":"ImageObject","inLanguage":"de-CH","@id":"https:\/\/vam-wine.fr\/#\/schema\/logo\/image\/","url":"https:\/\/vam-wine.fr\/wp-content\/uploads\/2025\/05\/Branding-05-1500w-1.png","contentUrl":"https:\/\/vam-wine.fr\/wp-content\/uploads\/2025\/05\/Branding-05-1500w-1.png","width":1361,"height":576,"caption":"VAM Wine"},"image":{"@id":"https:\/\/vam-wine.fr\/#\/schema\/logo\/image\/"}}]}},"_links":{"self":[{"href":"https:\/\/vam-wine.fr\/de_ch\/wp-json\/wp\/v2\/pages\/85","targetHints":{"allow":["GET"]}}],"collection":[{"href":"https:\/\/vam-wine.fr\/de_ch\/wp-json\/wp\/v2\/pages"}],"about":[{"href":"https:\/\/vam-wine.fr\/de_ch\/wp-json\/wp\/v2\/types\/page"}],"author":[{"embeddable":true,"href":"https:\/\/vam-wine.fr\/de_ch\/wp-json\/wp\/v2\/users\/1"}],"replies":[{"embeddable":true,"href":"https:\/\/vam-wine.fr\/de_ch\/wp-json\/wp\/v2\/comments?post=85"}],"version-history":[{"count":2,"href":"https:\/\/vam-wine.fr\/de_ch\/wp-json\/wp\/v2\/pages\/85\/revisions"}],"predecessor-version":[{"id":179,"href":"https:\/\/vam-wine.fr\/de_ch\/wp-json\/wp\/v2\/pages\/85\/revisions\/179"}],"wp:attachment":[{"href":"https:\/\/vam-wine.fr\/de_ch\/wp-json\/wp\/v2\/media?parent=85"}],"curies":[{"name":"wp","href":"https:\/\/api.w.org\/{rel}","templated":true}]}}